{"id":96,"date":"2025-08-28T08:34:36","date_gmt":"2025-08-28T11:34:36","guid":{"rendered":"https:\/\/cqtd.letsite.com.br\/?page_id=96"},"modified":"2026-02-23T14:05:14","modified_gmt":"2026-02-23T17:05:14","slug":"reconhecimentos","status":"publish","type":"page","link":"https:\/\/cqtd.adv.br\/en\/reconhecimentos\/","title":{"rendered":"Our specialists and office are recognized in"},"content":{"rendered":"<ul class='gallery'>\n           \n\t\t   \n\t\t<li><div class='foto' style='background-image: url(https:\/\/cqtd.adv.br\/wp-content\/uploads\/2025\/08\/CHAMBERS_AND_PARTNERS-768x232.png);'><a href='https:\/\/cqtd.adv.br\/wp-content\/uploads\/2025\/08\/CHAMBERS_AND_PARTNERS.png' data-fancybox='images' data-caption=''><\/a><\/div><\/li>\n         \n           \n           \n\t\t   \n\t\t<li><div class='foto' style='background-image: url(https:\/\/cqtd.adv.br\/wp-content\/uploads\/2025\/08\/02.png);'><a href='https:\/\/cqtd.adv.br\/wp-content\/uploads\/2025\/08\/02.png' data-fancybox='images' data-caption=''><\/a><\/div><\/li>\n         \n           \n           \n\t\t   \n\t\t<li><div class='foto' style='background-image: url(https:\/\/cqtd.adv.br\/wp-content\/uploads\/2025\/08\/03.png);'><a href='https:\/\/cqtd.adv.br\/wp-content\/uploads\/2025\/08\/03.png' data-fancybox='images' data-caption=''><\/a><\/div><\/li>\n         \n           \n           \n\t\t   \n\t\t<li><div class='foto' style='background-image: url(https:\/\/cqtd.adv.br\/wp-content\/uploads\/2025\/08\/04.png);'><a href='https:\/\/cqtd.adv.br\/wp-content\/uploads\/2025\/08\/04.png' data-fancybox='images' data-caption=''><\/a><\/div><\/li>\n         \n           \n           \n\t\t   \n\t\t<li><div class='foto' style='background-image: url(https:\/\/cqtd.adv.br\/wp-content\/uploads\/2025\/08\/Lexology-Index-Vertical-768x199.png);'><a href='https:\/\/cqtd.adv.br\/wp-content\/uploads\/2025\/08\/Lexology-Index-Vertical.png' data-fancybox='images' data-caption=''><\/a><\/div><\/li>\n         \n           \n           \n\t\t   \n\t\t<li><div class='foto' style='background-image: url(https:\/\/cqtd.adv.br\/wp-content\/uploads\/2025\/08\/L500-768x768.png);'><a href='https:\/\/cqtd.adv.br\/wp-content\/uploads\/2025\/08\/L500.png' data-fancybox='images' data-caption=''><\/a><\/div><\/li>\n         \n           \n           \n\t\t   \n\t\t<li><div class='foto' style='background-image: url(https:\/\/cqtd.adv.br\/wp-content\/uploads\/2025\/09\/Selo-DEI-768x761.png);'><a href='https:\/\/cqtd.adv.br\/wp-content\/uploads\/2025\/09\/Selo-DEI-scaled.png' data-fancybox='images' data-caption=''><\/a><\/div><\/li>\n         \n           \n           \n\t\t   \n\t\t<li><div class='foto' style='background-image: url(https:\/\/cqtd.adv.br\/wp-content\/uploads\/2025\/09\/ll-mobile-logo-768x274.png);'><a href='https:\/\/cqtd.adv.br\/wp-content\/uploads\/2025\/09\/ll-mobile-logo-scaled.png' data-fancybox='images' data-caption=''><\/a><\/div><\/li>\n         \n           \n           \n\t\t   \n\t\t<li><div class='foto' style='background-image: url(https:\/\/cqtd.adv.br\/wp-content\/uploads\/2025\/09\/LeadersLeague.png);'><a href='https:\/\/cqtd.adv.br\/wp-content\/uploads\/2025\/09\/LeadersLeague.png' data-fancybox='images' data-caption=''><\/a><\/div><\/li>\n         \n           <\/ul>\n\n","protected":false},"excerpt":{"rendered":"","protected":false},"author":1,"featured_media":0,"parent":0,"menu_order":0,"comment_status":"closed","ping_status":"closed","template":"","meta":{"_acf_changed":false,"footnotes":""},"class_list":["post-96","page","type-page","status-publish","hentry"],"acf":[],"yoast_head":"<!-- This site is optimized with the Yoast SEO plugin v27.4 - https:\/\/yoast.com\/product\/yoast-seo-wordpress\/ -->\n<title>CQTD Advogados e os reconhecimentos jur\u00eddicos, confira!<\/title>\n<meta name=\"description\" content=\"CQTD Advogados e os rankings jur\u00eddicos: Conhe\u00e7a os nossos reconhecimentos e entenda o motivo pelo qual nos destacamos no setor jur\u00eddico.\" \/>\n<meta name=\"robots\" content=\"index, follow, max-snippet:-1, max-image-preview:large, max-video-preview:-1\" \/>\n<link rel=\"canonical\" href=\"https:\/\/cqtd.adv.br\/en\/reconhecimentos\/\" \/>\n<meta property=\"og:locale\" content=\"en_US\" \/>\n<meta property=\"og:type\" content=\"article\" \/>\n<meta property=\"og:title\" content=\"CQTD Advogados e os reconhecimentos jur\u00eddicos, confira!\" \/>\n<meta property=\"og:description\" content=\"CQTD Advogados e os rankings jur\u00eddicos: Conhe\u00e7a os nossos reconhecimentos e entenda o motivo pelo qual nos destacamos no setor jur\u00eddico.\" \/>\n<meta property=\"og:url\" content=\"https:\/\/cqtd.adv.br\/en\/reconhecimentos\/\" \/>\n<meta property=\"og:site_name\" content=\"CQTD\" \/>\n<meta property=\"article:publisher\" content=\"https:\/\/www.facebook.com\/profile.php?id=100093269561156\" \/>\n<meta property=\"article:modified_time\" content=\"2026-02-23T17:05:14+00:00\" \/>\n<meta name=\"twitter:card\" content=\"summary_large_image\" \/>\n<meta name=\"twitter:label1\" content=\"Est. reading time\" \/>\n\t<meta name=\"twitter:data1\" content=\"1 minute\" \/>\n<script type=\"application\/ld+json\" class=\"yoast-schema-graph\">{\"@context\":\"https:\\\/\\\/schema.org\",\"@graph\":[{\"@type\":\"WebPage\",\"@id\":\"https:\\\/\\\/cqtd.adv.br\\\/en\\\/reconhecimentos\\\/\",\"url\":\"https:\\\/\\\/cqtd.adv.br\\\/en\\\/reconhecimentos\\\/\",\"name\":\"CQTD Advogados e os reconhecimentos jur\u00eddicos, confira!\",\"isPartOf\":{\"@id\":\"https:\\\/\\\/cqtd.adv.br\\\/en\\\/#website\"},\"datePublished\":\"2025-08-28T11:34:36+00:00\",\"dateModified\":\"2026-02-23T17:05:14+00:00\",\"description\":\"CQTD Advogados e os rankings jur\u00eddicos: Conhe\u00e7a os nossos reconhecimentos e entenda o motivo pelo qual nos destacamos no setor jur\u00eddico.\",\"breadcrumb\":{\"@id\":\"https:\\\/\\\/cqtd.adv.br\\\/en\\\/reconhecimentos\\\/#breadcrumb\"},\"inLanguage\":\"en-US\",\"potentialAction\":[{\"@type\":\"ReadAction\",\"target\":[[\"https:\\\/\\\/cqtd.adv.br\\\/en\\\/reconhecimentos\\\/\"]]}]},{\"@type\":\"BreadcrumbList\",\"@id\":\"https:\\\/\\\/cqtd.adv.br\\\/en\\\/reconhecimentos\\\/#breadcrumb\",\"itemListElement\":[{\"@type\":\"ListItem\",\"position\":1,\"name\":\"In\u00edcio\",\"item\":\"https:\\\/\\\/cqtd.adv.br\\\/en\\\/\"},{\"@type\":\"ListItem\",\"position\":2,\"name\":\"Nossos especialistas e escrit\u00f3rio s\u00e3o reconhecidos em\"}]},{\"@type\":\"WebSite\",\"@id\":\"https:\\\/\\\/cqtd.adv.br\\\/en\\\/#website\",\"url\":\"https:\\\/\\\/cqtd.adv.br\\\/en\\\/\",\"name\":\"CQTD Advogados\",\"description\":\"\",\"publisher\":{\"@id\":\"https:\\\/\\\/cqtd.adv.br\\\/en\\\/#organization\"},\"potentialAction\":[{\"@type\":\"SearchAction\",\"target\":{\"@type\":\"EntryPoint\",\"urlTemplate\":\"https:\\\/\\\/cqtd.adv.br\\\/en\\\/?s={search_term_string}\"},\"query-input\":{\"@type\":\"PropertyValueSpecification\",\"valueRequired\":true,\"valueName\":\"search_term_string\"}}],\"inLanguage\":\"en-US\"},{\"@type\":\"Organization\",\"@id\":\"https:\\\/\\\/cqtd.adv.br\\\/en\\\/#organization\",\"name\":\"CQTD Advogados\",\"url\":\"https:\\\/\\\/cqtd.adv.br\\\/en\\\/\",\"logo\":{\"@type\":\"ImageObject\",\"inLanguage\":\"en-US\",\"@id\":\"https:\\\/\\\/cqtd.adv.br\\\/en\\\/#\\\/schema\\\/logo\\\/image\\\/\",\"url\":\"https:\\\/\\\/cqtd.adv.br\\\/wp-content\\\/uploads\\\/2025\\\/11\\\/500-x-400-px-4.png\",\"contentUrl\":\"https:\\\/\\\/cqtd.adv.br\\\/wp-content\\\/uploads\\\/2025\\\/11\\\/500-x-400-px-4.png\",\"width\":500,\"height\":400,\"caption\":\"CQTD Advogados\"},\"image\":{\"@id\":\"https:\\\/\\\/cqtd.adv.br\\\/en\\\/#\\\/schema\\\/logo\\\/image\\\/\"},\"sameAs\":[\"https:\\\/\\\/www.facebook.com\\\/profile.php?id=100093269561156\",\"https:\\\/\\\/www.instagram.com\\\/cqtdadv\\\/\",\"https:\\\/\\\/www.linkedin.com\\\/company\\\/cqt-advogados\\\/\"]}]}<\/script>\n<!-- \/ Yoast SEO plugin. -->","yoast_head_json":{"title":"CQTD Advogados e os reconhecimentos jur\u00eddicos, confira!","description":"CQTD Advogados e os rankings jur\u00eddicos: Conhe\u00e7a os nossos reconhecimentos e entenda o motivo pelo qual nos destacamos no setor jur\u00eddico.","robots":{"index":"index","follow":"follow","max-snippet":"max-snippet:-1","max-image-preview":"max-image-preview:large","max-video-preview":"max-video-preview:-1"},"canonical":"https:\/\/cqtd.adv.br\/en\/reconhecimentos\/","og_locale":"en_US","og_type":"article","og_title":"CQTD Advogados e os reconhecimentos jur\u00eddicos, confira!","og_description":"CQTD Advogados e os rankings jur\u00eddicos: Conhe\u00e7a os nossos reconhecimentos e entenda o motivo pelo qual nos destacamos no setor jur\u00eddico.","og_url":"https:\/\/cqtd.adv.br\/en\/reconhecimentos\/","og_site_name":"CQTD","article_publisher":"https:\/\/www.facebook.com\/profile.php?id=100093269561156","article_modified_time":"2026-02-23T17:05:14+00:00","twitter_card":"summary_large_image","twitter_misc":{"Est. reading time":"1 minute"},"schema":{"@context":"https:\/\/schema.org","@graph":[{"@type":"WebPage","@id":"https:\/\/cqtd.adv.br\/en\/reconhecimentos\/","url":"https:\/\/cqtd.adv.br\/en\/reconhecimentos\/","name":"CQTD Advogados e os reconhecimentos jur\u00eddicos, confira!","isPartOf":{"@id":"https:\/\/cqtd.adv.br\/en\/#website"},"datePublished":"2025-08-28T11:34:36+00:00","dateModified":"2026-02-23T17:05:14+00:00","description":"CQTD Advogados e os rankings jur\u00eddicos: Conhe\u00e7a os nossos reconhecimentos e entenda o motivo pelo qual nos destacamos no setor jur\u00eddico.","breadcrumb":{"@id":"https:\/\/cqtd.adv.br\/en\/reconhecimentos\/#breadcrumb"},"inLanguage":"en-US","potentialAction":[{"@type":"ReadAction","target":[["https:\/\/cqtd.adv.br\/en\/reconhecimentos\/"]]}]},{"@type":"BreadcrumbList","@id":"https:\/\/cqtd.adv.br\/en\/reconhecimentos\/#breadcrumb","itemListElement":[{"@type":"ListItem","position":1,"name":"In\u00edcio","item":"https:\/\/cqtd.adv.br\/en\/"},{"@type":"ListItem","position":2,"name":"Nossos especialistas e escrit\u00f3rio s\u00e3o reconhecidos em"}]},{"@type":"WebSite","@id":"https:\/\/cqtd.adv.br\/en\/#website","url":"https:\/\/cqtd.adv.br\/en\/","name":"CQTD Advogados","description":"","publisher":{"@id":"https:\/\/cqtd.adv.br\/en\/#organization"},"potentialAction":[{"@type":"SearchAction","target":{"@type":"EntryPoint","urlTemplate":"https:\/\/cqtd.adv.br\/en\/?s={search_term_string}"},"query-input":{"@type":"PropertyValueSpecification","valueRequired":true,"valueName":"search_term_string"}}],"inLanguage":"en-US"},{"@type":"Organization","@id":"https:\/\/cqtd.adv.br\/en\/#organization","name":"CQTD Advogados","url":"https:\/\/cqtd.adv.br\/en\/","logo":{"@type":"ImageObject","inLanguage":"en-US","@id":"https:\/\/cqtd.adv.br\/en\/#\/schema\/logo\/image\/","url":"https:\/\/cqtd.adv.br\/wp-content\/uploads\/2025\/11\/500-x-400-px-4.png","contentUrl":"https:\/\/cqtd.adv.br\/wp-content\/uploads\/2025\/11\/500-x-400-px-4.png","width":500,"height":400,"caption":"CQTD Advogados"},"image":{"@id":"https:\/\/cqtd.adv.br\/en\/#\/schema\/logo\/image\/"},"sameAs":["https:\/\/www.facebook.com\/profile.php?id=100093269561156","https:\/\/www.instagram.com\/cqtdadv\/","https:\/\/www.linkedin.com\/company\/cqt-advogados\/"]}]}},"_links":{"self":[{"href":"https:\/\/cqtd.adv.br\/en\/wp-json\/wp\/v2\/pages\/96","targetHints":{"allow":["GET"]}}],"collection":[{"href":"https:\/\/cqtd.adv.br\/en\/wp-json\/wp\/v2\/pages"}],"about":[{"href":"https:\/\/cqtd.adv.br\/en\/wp-json\/wp\/v2\/types\/page"}],"author":[{"embeddable":true,"href":"https:\/\/cqtd.adv.br\/en\/wp-json\/wp\/v2\/users\/1"}],"replies":[{"embeddable":true,"href":"https:\/\/cqtd.adv.br\/en\/wp-json\/wp\/v2\/comments?post=96"}],"version-history":[{"count":8,"href":"https:\/\/cqtd.adv.br\/en\/wp-json\/wp\/v2\/pages\/96\/revisions"}],"predecessor-version":[{"id":3812,"href":"https:\/\/cqtd.adv.br\/en\/wp-json\/wp\/v2\/pages\/96\/revisions\/3812"}],"wp:attachment":[{"href":"https:\/\/cqtd.adv.br\/en\/wp-json\/wp\/v2\/media?parent=96"}],"curies":[{"name":"wp","href":"https:\/\/api.w.org\/{rel}","templated":true}]}}