{"id":85,"date":"2025-08-28T08:26:53","date_gmt":"2025-08-28T11:26:53","guid":{"rendered":"https:\/\/cqtd.letsite.com.br\/?page_id=85"},"modified":"2026-02-26T12:17:58","modified_gmt":"2026-02-26T15:17:58","slug":"contato","status":"publish","type":"page","link":"https:\/\/cqtd.adv.br\/en\/contato\/","title":{"rendered":"Contact us"},"content":{"rendered":"<p><\/p>\n<h2>Contact CQTD Advogados<\/h2>\n<p>We are available to answer questions and present legal solutions tailored to your business needs.<\/p>\n<p>Fill out the form or contact us by phone. Our team will get back to you as soon as possible.<\/p>\n<p>We appreciate your interest in our firm and look forward to establishing a solid and strategic partnership with you soon.<\/p>","protected":false},"excerpt":{"rendered":"<p>Get in touch with us<\/p>\n","protected":false},"author":1,"featured_media":194,"parent":0,"menu_order":0,"comment_status":"closed","ping_status":"closed","template":"page-contato.php","meta":{"_acf_changed":false,"footnotes":""},"class_list":["post-85","page","type-page","status-publish","has-post-thumbnail","hentry"],"acf":[],"yoast_head":"<!-- This site is optimized with the Yoast SEO plugin v27.3 - https:\/\/yoast.com\/product\/yoast-seo-wordpress\/ -->\n<title>Entre em contato com o CQTD Advogados e tire suas d\u00favidas!<\/title>\n<meta name=\"description\" content=\"Preencha o formul\u00e1rio ou entre em contato por telefone. Nossa equipe retornar\u00e1 o mais breve poss\u00edvel para sanar suas d\u00favidas.\" \/>\n<meta name=\"robots\" content=\"index, follow, max-snippet:-1, max-image-preview:large, max-video-preview:-1\" \/>\n<link rel=\"canonical\" href=\"https:\/\/cqtd.adv.br\/en\/contato\/\" \/>\n<meta property=\"og:locale\" content=\"en_US\" \/>\n<meta property=\"og:type\" content=\"article\" \/>\n<meta property=\"og:title\" content=\"Entre em contato com o CQTD Advogados e tire suas d\u00favidas!\" \/>\n<meta property=\"og:description\" content=\"Preencha o formul\u00e1rio ou entre em contato por telefone. Nossa equipe retornar\u00e1 o mais breve poss\u00edvel para sanar suas d\u00favidas.\" \/>\n<meta property=\"og:url\" content=\"https:\/\/cqtd.adv.br\/en\/contato\/\" \/>\n<meta property=\"og:site_name\" content=\"CQTD\" \/>\n<meta property=\"article:publisher\" content=\"https:\/\/www.facebook.com\/profile.php?id=100093269561156\" \/>\n<meta property=\"article:modified_time\" content=\"2026-02-26T15:17:58+00:00\" \/>\n<meta property=\"og:image\" content=\"https:\/\/cqtd.adv.br\/wp-content\/uploads\/2025\/08\/bg01.png\" \/>\n\t<meta property=\"og:image:width\" content=\"1920\" \/>\n\t<meta property=\"og:image:height\" content=\"828\" \/>\n\t<meta property=\"og:image:type\" content=\"image\/png\" \/>\n<meta name=\"twitter:card\" content=\"summary_large_image\" \/>\n<meta name=\"twitter:label1\" content=\"Est. reading time\" \/>\n\t<meta name=\"twitter:data1\" content=\"1 minute\" \/>\n<script type=\"application\/ld+json\" class=\"yoast-schema-graph\">{\"@context\":\"https:\\\/\\\/schema.org\",\"@graph\":[{\"@type\":\"WebPage\",\"@id\":\"https:\\\/\\\/cqtd.adv.br\\\/en\\\/contato\\\/\",\"url\":\"https:\\\/\\\/cqtd.adv.br\\\/en\\\/contato\\\/\",\"name\":\"Entre em contato com o CQTD Advogados e tire suas d\u00favidas!\",\"isPartOf\":{\"@id\":\"https:\\\/\\\/cqtd.adv.br\\\/en\\\/#website\"},\"primaryImageOfPage\":{\"@id\":\"https:\\\/\\\/cqtd.adv.br\\\/en\\\/contato\\\/#primaryimage\"},\"image\":{\"@id\":\"https:\\\/\\\/cqtd.adv.br\\\/contato\\\/#primaryimage\"},\"thumbnailUrl\":\"https:\\\/\\\/cqtd.adv.br\\\/wp-content\\\/uploads\\\/2025\\\/08\\\/bg01.png\",\"datePublished\":\"2025-08-28T11:26:53+00:00\",\"dateModified\":\"2026-02-26T15:17:58+00:00\",\"description\":\"Preencha o formul\u00e1rio ou entre em contato por telefone. Nossa equipe retornar\u00e1 o mais breve poss\u00edvel para sanar suas d\u00favidas.\",\"breadcrumb\":{\"@id\":\"https:\\\/\\\/cqtd.adv.br\\\/en\\\/contato\\\/#breadcrumb\"},\"inLanguage\":\"en-US\",\"potentialAction\":[{\"@type\":\"ReadAction\",\"target\":[[\"https:\\\/\\\/cqtd.adv.br\\\/en\\\/contato\\\/\"]]}]},{\"@type\":\"ImageObject\",\"inLanguage\":\"en-US\",\"@id\":\"https:\\\/\\\/cqtd.adv.br\\\/en\\\/contato\\\/#primaryimage\",\"url\":\"https:\\\/\\\/cqtd.adv.br\\\/wp-content\\\/uploads\\\/2025\\\/08\\\/bg01.png\",\"contentUrl\":\"https:\\\/\\\/cqtd.adv.br\\\/wp-content\\\/uploads\\\/2025\\\/08\\\/bg01.png\",\"width\":1920,\"height\":828},{\"@type\":\"BreadcrumbList\",\"@id\":\"https:\\\/\\\/cqtd.adv.br\\\/en\\\/contato\\\/#breadcrumb\",\"itemListElement\":[{\"@type\":\"ListItem\",\"position\":1,\"name\":\"In\u00edcio\",\"item\":\"https:\\\/\\\/cqtd.adv.br\\\/en\\\/\"},{\"@type\":\"ListItem\",\"position\":2,\"name\":\"Contato\"}]},{\"@type\":\"WebSite\",\"@id\":\"https:\\\/\\\/cqtd.adv.br\\\/en\\\/#website\",\"url\":\"https:\\\/\\\/cqtd.adv.br\\\/en\\\/\",\"name\":\"CQTD Advogados\",\"description\":\"\",\"publisher\":{\"@id\":\"https:\\\/\\\/cqtd.adv.br\\\/en\\\/#organization\"},\"potentialAction\":[{\"@type\":\"SearchAction\",\"target\":{\"@type\":\"EntryPoint\",\"urlTemplate\":\"https:\\\/\\\/cqtd.adv.br\\\/en\\\/?s={search_term_string}\"},\"query-input\":{\"@type\":\"PropertyValueSpecification\",\"valueRequired\":true,\"valueName\":\"search_term_string\"}}],\"inLanguage\":\"en-US\"},{\"@type\":\"Organization\",\"@id\":\"https:\\\/\\\/cqtd.adv.br\\\/en\\\/#organization\",\"name\":\"CQTD Advogados\",\"url\":\"https:\\\/\\\/cqtd.adv.br\\\/en\\\/\",\"logo\":{\"@type\":\"ImageObject\",\"inLanguage\":\"en-US\",\"@id\":\"https:\\\/\\\/cqtd.adv.br\\\/en\\\/#\\\/schema\\\/logo\\\/image\\\/\",\"url\":\"https:\\\/\\\/cqtd.adv.br\\\/wp-content\\\/uploads\\\/2025\\\/11\\\/500-x-400-px-4.png\",\"contentUrl\":\"https:\\\/\\\/cqtd.adv.br\\\/wp-content\\\/uploads\\\/2025\\\/11\\\/500-x-400-px-4.png\",\"width\":500,\"height\":400,\"caption\":\"CQTD Advogados\"},\"image\":{\"@id\":\"https:\\\/\\\/cqtd.adv.br\\\/en\\\/#\\\/schema\\\/logo\\\/image\\\/\"},\"sameAs\":[\"https:\\\/\\\/www.facebook.com\\\/profile.php?id=100093269561156\",\"https:\\\/\\\/www.instagram.com\\\/cqtdadv\\\/\",\"https:\\\/\\\/www.linkedin.com\\\/company\\\/cqt-advogados\\\/\"]}]}<\/script>\n<!-- \/ Yoast SEO plugin. -->","yoast_head_json":{"title":"Entre em contato com o CQTD Advogados e tire suas d\u00favidas!","description":"Preencha o formul\u00e1rio ou entre em contato por telefone. Nossa equipe retornar\u00e1 o mais breve poss\u00edvel para sanar suas d\u00favidas.","robots":{"index":"index","follow":"follow","max-snippet":"max-snippet:-1","max-image-preview":"max-image-preview:large","max-video-preview":"max-video-preview:-1"},"canonical":"https:\/\/cqtd.adv.br\/en\/contato\/","og_locale":"en_US","og_type":"article","og_title":"Entre em contato com o CQTD Advogados e tire suas d\u00favidas!","og_description":"Preencha o formul\u00e1rio ou entre em contato por telefone. Nossa equipe retornar\u00e1 o mais breve poss\u00edvel para sanar suas d\u00favidas.","og_url":"https:\/\/cqtd.adv.br\/en\/contato\/","og_site_name":"CQTD","article_publisher":"https:\/\/www.facebook.com\/profile.php?id=100093269561156","article_modified_time":"2026-02-26T15:17:58+00:00","og_image":[{"width":1920,"height":828,"url":"https:\/\/cqtd.adv.br\/wp-content\/uploads\/2025\/08\/bg01.png","type":"image\/png"}],"twitter_card":"summary_large_image","twitter_misc":{"Est. reading time":"1 minute"},"schema":{"@context":"https:\/\/schema.org","@graph":[{"@type":"WebPage","@id":"https:\/\/cqtd.adv.br\/en\/contato\/","url":"https:\/\/cqtd.adv.br\/en\/contato\/","name":"Entre em contato com o CQTD Advogados e tire suas d\u00favidas!","isPartOf":{"@id":"https:\/\/cqtd.adv.br\/en\/#website"},"primaryImageOfPage":{"@id":"https:\/\/cqtd.adv.br\/en\/contato\/#primaryimage"},"image":{"@id":"https:\/\/cqtd.adv.br\/contato\/#primaryimage"},"thumbnailUrl":"https:\/\/cqtd.adv.br\/wp-content\/uploads\/2025\/08\/bg01.png","datePublished":"2025-08-28T11:26:53+00:00","dateModified":"2026-02-26T15:17:58+00:00","description":"Preencha o formul\u00e1rio ou entre em contato por telefone. Nossa equipe retornar\u00e1 o mais breve poss\u00edvel para sanar suas d\u00favidas.","breadcrumb":{"@id":"https:\/\/cqtd.adv.br\/en\/contato\/#breadcrumb"},"inLanguage":"en-US","potentialAction":[{"@type":"ReadAction","target":[["https:\/\/cqtd.adv.br\/en\/contato\/"]]}]},{"@type":"ImageObject","inLanguage":"en-US","@id":"https:\/\/cqtd.adv.br\/en\/contato\/#primaryimage","url":"https:\/\/cqtd.adv.br\/wp-content\/uploads\/2025\/08\/bg01.png","contentUrl":"https:\/\/cqtd.adv.br\/wp-content\/uploads\/2025\/08\/bg01.png","width":1920,"height":828},{"@type":"BreadcrumbList","@id":"https:\/\/cqtd.adv.br\/en\/contato\/#breadcrumb","itemListElement":[{"@type":"ListItem","position":1,"name":"In\u00edcio","item":"https:\/\/cqtd.adv.br\/en\/"},{"@type":"ListItem","position":2,"name":"Contato"}]},{"@type":"WebSite","@id":"https:\/\/cqtd.adv.br\/en\/#website","url":"https:\/\/cqtd.adv.br\/en\/","name":"CQTD Advogados","description":"","publisher":{"@id":"https:\/\/cqtd.adv.br\/en\/#organization"},"potentialAction":[{"@type":"SearchAction","target":{"@type":"EntryPoint","urlTemplate":"https:\/\/cqtd.adv.br\/en\/?s={search_term_string}"},"query-input":{"@type":"PropertyValueSpecification","valueRequired":true,"valueName":"search_term_string"}}],"inLanguage":"en-US"},{"@type":"Organization","@id":"https:\/\/cqtd.adv.br\/en\/#organization","name":"CQTD Advogados","url":"https:\/\/cqtd.adv.br\/en\/","logo":{"@type":"ImageObject","inLanguage":"en-US","@id":"https:\/\/cqtd.adv.br\/en\/#\/schema\/logo\/image\/","url":"https:\/\/cqtd.adv.br\/wp-content\/uploads\/2025\/11\/500-x-400-px-4.png","contentUrl":"https:\/\/cqtd.adv.br\/wp-content\/uploads\/2025\/11\/500-x-400-px-4.png","width":500,"height":400,"caption":"CQTD Advogados"},"image":{"@id":"https:\/\/cqtd.adv.br\/en\/#\/schema\/logo\/image\/"},"sameAs":["https:\/\/www.facebook.com\/profile.php?id=100093269561156","https:\/\/www.instagram.com\/cqtdadv\/","https:\/\/www.linkedin.com\/company\/cqt-advogados\/"]}]}},"_links":{"self":[{"href":"https:\/\/cqtd.adv.br\/en\/wp-json\/wp\/v2\/pages\/85","targetHints":{"allow":["GET"]}}],"collection":[{"href":"https:\/\/cqtd.adv.br\/en\/wp-json\/wp\/v2\/pages"}],"about":[{"href":"https:\/\/cqtd.adv.br\/en\/wp-json\/wp\/v2\/types\/page"}],"author":[{"embeddable":true,"href":"https:\/\/cqtd.adv.br\/en\/wp-json\/wp\/v2\/users\/1"}],"replies":[{"embeddable":true,"href":"https:\/\/cqtd.adv.br\/en\/wp-json\/wp\/v2\/comments?post=85"}],"version-history":[{"count":18,"href":"https:\/\/cqtd.adv.br\/en\/wp-json\/wp\/v2\/pages\/85\/revisions"}],"predecessor-version":[{"id":3853,"href":"https:\/\/cqtd.adv.br\/en\/wp-json\/wp\/v2\/pages\/85\/revisions\/3853"}],"wp:featuredmedia":[{"embeddable":true,"href":"https:\/\/cqtd.adv.br\/en\/wp-json\/wp\/v2\/media\/194"}],"wp:attachment":[{"href":"https:\/\/cqtd.adv.br\/en\/wp-json\/wp\/v2\/media?parent=85"}],"curies":[{"name":"wp","href":"https:\/\/api.w.org\/{rel}","templated":true}]}}