{"id":81,"date":"2025-08-28T08:26:42","date_gmt":"2025-08-28T11:26:42","guid":{"rendered":"https:\/\/cqtd.letsite.com.br\/?page_id=81"},"modified":"2026-02-23T13:59:12","modified_gmt":"2026-02-23T16:59:12","slug":"trabalhe-conosco","status":"publish","type":"page","link":"https:\/\/cqtd.adv.br\/en\/trabalhe-conosco\/","title":{"rendered":"Work with us"},"content":{"rendered":"<p><\/p>\n<h2>Send us your resume and tell us a little about yourself!<\/h2>\n<p>If you are looking for a challenging career and want to contribute to the growth and expansion of companies and entrepreneurs, CQTD Advogados is the ideal place for you. As a member of our team, you will have the opportunity to work on strategic projects and develop your legal skills in a high-quality environment.<\/p>\n<p>If you are interested in our proposal, send us your resume and tell us a little about yourself. We are always looking for new talent to join our team.<\/p>\n<p>Together, we can continue to offer relevant solutions and contribute to the success of our clients.<\/p>","protected":false},"excerpt":{"rendered":"<p>Send us your resume and tell us a little about yourself! If you are looking for a challenging career [&hellip;]<\/p>\n","protected":false},"author":1,"featured_media":3628,"parent":0,"menu_order":0,"comment_status":"closed","ping_status":"closed","template":"page-trabalhe.php","meta":{"_acf_changed":false,"footnotes":""},"class_list":["post-81","page","type-page","status-publish","has-post-thumbnail","hentry"],"acf":[],"yoast_head":"<!-- This site is optimized with the Yoast SEO plugin v27.3 - https:\/\/yoast.com\/product\/yoast-seo-wordpress\/ -->\n<title>Trabalhe conosco! Fa\u00e7a parte do CQTD e cres\u00e7a com a gente!<\/title>\n<meta name=\"description\" content=\"Se voc\u00ea est\u00e1 buscando uma carreira desafiadora e deseja contribuir para o crescimento e expans\u00e3o de empresas e empreendedores, o CQTD Advogados \u00e9 o lugar ideal para voc\u00ea.\" \/>\n<meta name=\"robots\" content=\"index, follow, max-snippet:-1, max-image-preview:large, max-video-preview:-1\" \/>\n<link rel=\"canonical\" href=\"https:\/\/cqtd.adv.br\/en\/trabalhe-conosco\/\" \/>\n<meta property=\"og:locale\" content=\"en_US\" \/>\n<meta property=\"og:type\" content=\"article\" \/>\n<meta property=\"og:title\" content=\"Trabalhe conosco! Fa\u00e7a parte do CQTD e cres\u00e7a com a gente!\" \/>\n<meta property=\"og:description\" content=\"Se voc\u00ea est\u00e1 buscando uma carreira desafiadora e deseja contribuir para o crescimento e expans\u00e3o de empresas e empreendedores, o CQTD Advogados \u00e9 o lugar ideal para voc\u00ea.\" \/>\n<meta property=\"og:url\" content=\"https:\/\/cqtd.adv.br\/en\/trabalhe-conosco\/\" \/>\n<meta property=\"og:site_name\" content=\"CQTD\" \/>\n<meta property=\"article:publisher\" content=\"https:\/\/www.facebook.com\/profile.php?id=100093269561156\" \/>\n<meta property=\"article:modified_time\" content=\"2026-02-23T16:59:12+00:00\" \/>\n<meta property=\"og:image\" content=\"https:\/\/cqtd.adv.br\/wp-content\/uploads\/2025\/10\/trabalhe_conosco.jpg\" \/>\n\t<meta property=\"og:image:width\" content=\"650\" \/>\n\t<meta property=\"og:image:height\" content=\"263\" \/>\n\t<meta property=\"og:image:type\" content=\"image\/jpeg\" \/>\n<meta name=\"twitter:card\" content=\"summary_large_image\" \/>\n<meta name=\"twitter:label1\" content=\"Est. reading time\" \/>\n\t<meta name=\"twitter:data1\" content=\"1 minute\" \/>\n<script type=\"application\/ld+json\" class=\"yoast-schema-graph\">{\"@context\":\"https:\\\/\\\/schema.org\",\"@graph\":[{\"@type\":\"WebPage\",\"@id\":\"https:\\\/\\\/cqtd.adv.br\\\/en\\\/trabalhe-conosco\\\/\",\"url\":\"https:\\\/\\\/cqtd.adv.br\\\/en\\\/trabalhe-conosco\\\/\",\"name\":\"Trabalhe conosco! Fa\u00e7a parte do CQTD e cres\u00e7a com a gente!\",\"isPartOf\":{\"@id\":\"https:\\\/\\\/cqtd.adv.br\\\/en\\\/#website\"},\"primaryImageOfPage\":{\"@id\":\"https:\\\/\\\/cqtd.adv.br\\\/en\\\/trabalhe-conosco\\\/#primaryimage\"},\"image\":{\"@id\":\"https:\\\/\\\/cqtd.adv.br\\\/trabalhe-conosco\\\/#primaryimage\"},\"thumbnailUrl\":\"https:\\\/\\\/cqtd.adv.br\\\/wp-content\\\/uploads\\\/2025\\\/10\\\/trabalhe_conosco.jpg\",\"datePublished\":\"2025-08-28T11:26:42+00:00\",\"dateModified\":\"2026-02-23T16:59:12+00:00\",\"description\":\"Se voc\u00ea est\u00e1 buscando uma carreira desafiadora e deseja contribuir para o crescimento e expans\u00e3o de empresas e empreendedores, o CQTD Advogados \u00e9 o lugar ideal para voc\u00ea.\",\"breadcrumb\":{\"@id\":\"https:\\\/\\\/cqtd.adv.br\\\/en\\\/trabalhe-conosco\\\/#breadcrumb\"},\"inLanguage\":\"en-US\",\"potentialAction\":[{\"@type\":\"ReadAction\",\"target\":[[\"https:\\\/\\\/cqtd.adv.br\\\/en\\\/trabalhe-conosco\\\/\"]]}]},{\"@type\":\"ImageObject\",\"inLanguage\":\"en-US\",\"@id\":\"https:\\\/\\\/cqtd.adv.br\\\/en\\\/trabalhe-conosco\\\/#primaryimage\",\"url\":\"https:\\\/\\\/cqtd.adv.br\\\/wp-content\\\/uploads\\\/2025\\\/10\\\/trabalhe_conosco.jpg\",\"contentUrl\":\"https:\\\/\\\/cqtd.adv.br\\\/wp-content\\\/uploads\\\/2025\\\/10\\\/trabalhe_conosco.jpg\",\"width\":650,\"height\":263},{\"@type\":\"BreadcrumbList\",\"@id\":\"https:\\\/\\\/cqtd.adv.br\\\/en\\\/trabalhe-conosco\\\/#breadcrumb\",\"itemListElement\":[{\"@type\":\"ListItem\",\"position\":1,\"name\":\"In\u00edcio\",\"item\":\"https:\\\/\\\/cqtd.adv.br\\\/en\\\/\"},{\"@type\":\"ListItem\",\"position\":2,\"name\":\"Trabalhe conosco\"}]},{\"@type\":\"WebSite\",\"@id\":\"https:\\\/\\\/cqtd.adv.br\\\/en\\\/#website\",\"url\":\"https:\\\/\\\/cqtd.adv.br\\\/en\\\/\",\"name\":\"CQTD Advogados\",\"description\":\"\",\"publisher\":{\"@id\":\"https:\\\/\\\/cqtd.adv.br\\\/en\\\/#organization\"},\"potentialAction\":[{\"@type\":\"SearchAction\",\"target\":{\"@type\":\"EntryPoint\",\"urlTemplate\":\"https:\\\/\\\/cqtd.adv.br\\\/en\\\/?s={search_term_string}\"},\"query-input\":{\"@type\":\"PropertyValueSpecification\",\"valueRequired\":true,\"valueName\":\"search_term_string\"}}],\"inLanguage\":\"en-US\"},{\"@type\":\"Organization\",\"@id\":\"https:\\\/\\\/cqtd.adv.br\\\/en\\\/#organization\",\"name\":\"CQTD Advogados\",\"url\":\"https:\\\/\\\/cqtd.adv.br\\\/en\\\/\",\"logo\":{\"@type\":\"ImageObject\",\"inLanguage\":\"en-US\",\"@id\":\"https:\\\/\\\/cqtd.adv.br\\\/en\\\/#\\\/schema\\\/logo\\\/image\\\/\",\"url\":\"https:\\\/\\\/cqtd.adv.br\\\/wp-content\\\/uploads\\\/2025\\\/11\\\/500-x-400-px-4.png\",\"contentUrl\":\"https:\\\/\\\/cqtd.adv.br\\\/wp-content\\\/uploads\\\/2025\\\/11\\\/500-x-400-px-4.png\",\"width\":500,\"height\":400,\"caption\":\"CQTD Advogados\"},\"image\":{\"@id\":\"https:\\\/\\\/cqtd.adv.br\\\/en\\\/#\\\/schema\\\/logo\\\/image\\\/\"},\"sameAs\":[\"https:\\\/\\\/www.facebook.com\\\/profile.php?id=100093269561156\",\"https:\\\/\\\/www.instagram.com\\\/cqtdadv\\\/\",\"https:\\\/\\\/www.linkedin.com\\\/company\\\/cqt-advogados\\\/\"]}]}<\/script>\n<!-- \/ Yoast SEO plugin. -->","yoast_head_json":{"title":"Trabalhe conosco! Fa\u00e7a parte do CQTD e cres\u00e7a com a gente!","description":"Se voc\u00ea est\u00e1 buscando uma carreira desafiadora e deseja contribuir para o crescimento e expans\u00e3o de empresas e empreendedores, o CQTD Advogados \u00e9 o lugar ideal para voc\u00ea.","robots":{"index":"index","follow":"follow","max-snippet":"max-snippet:-1","max-image-preview":"max-image-preview:large","max-video-preview":"max-video-preview:-1"},"canonical":"https:\/\/cqtd.adv.br\/en\/trabalhe-conosco\/","og_locale":"en_US","og_type":"article","og_title":"Trabalhe conosco! Fa\u00e7a parte do CQTD e cres\u00e7a com a gente!","og_description":"Se voc\u00ea est\u00e1 buscando uma carreira desafiadora e deseja contribuir para o crescimento e expans\u00e3o de empresas e empreendedores, o CQTD Advogados \u00e9 o lugar ideal para voc\u00ea.","og_url":"https:\/\/cqtd.adv.br\/en\/trabalhe-conosco\/","og_site_name":"CQTD","article_publisher":"https:\/\/www.facebook.com\/profile.php?id=100093269561156","article_modified_time":"2026-02-23T16:59:12+00:00","og_image":[{"width":650,"height":263,"url":"https:\/\/cqtd.adv.br\/wp-content\/uploads\/2025\/10\/trabalhe_conosco.jpg","type":"image\/jpeg"}],"twitter_card":"summary_large_image","twitter_misc":{"Est. reading time":"1 minute"},"schema":{"@context":"https:\/\/schema.org","@graph":[{"@type":"WebPage","@id":"https:\/\/cqtd.adv.br\/en\/trabalhe-conosco\/","url":"https:\/\/cqtd.adv.br\/en\/trabalhe-conosco\/","name":"Trabalhe conosco! Fa\u00e7a parte do CQTD e cres\u00e7a com a gente!","isPartOf":{"@id":"https:\/\/cqtd.adv.br\/en\/#website"},"primaryImageOfPage":{"@id":"https:\/\/cqtd.adv.br\/en\/trabalhe-conosco\/#primaryimage"},"image":{"@id":"https:\/\/cqtd.adv.br\/trabalhe-conosco\/#primaryimage"},"thumbnailUrl":"https:\/\/cqtd.adv.br\/wp-content\/uploads\/2025\/10\/trabalhe_conosco.jpg","datePublished":"2025-08-28T11:26:42+00:00","dateModified":"2026-02-23T16:59:12+00:00","description":"Se voc\u00ea est\u00e1 buscando uma carreira desafiadora e deseja contribuir para o crescimento e expans\u00e3o de empresas e empreendedores, o CQTD Advogados \u00e9 o lugar ideal para voc\u00ea.","breadcrumb":{"@id":"https:\/\/cqtd.adv.br\/en\/trabalhe-conosco\/#breadcrumb"},"inLanguage":"en-US","potentialAction":[{"@type":"ReadAction","target":[["https:\/\/cqtd.adv.br\/en\/trabalhe-conosco\/"]]}]},{"@type":"ImageObject","inLanguage":"en-US","@id":"https:\/\/cqtd.adv.br\/en\/trabalhe-conosco\/#primaryimage","url":"https:\/\/cqtd.adv.br\/wp-content\/uploads\/2025\/10\/trabalhe_conosco.jpg","contentUrl":"https:\/\/cqtd.adv.br\/wp-content\/uploads\/2025\/10\/trabalhe_conosco.jpg","width":650,"height":263},{"@type":"BreadcrumbList","@id":"https:\/\/cqtd.adv.br\/en\/trabalhe-conosco\/#breadcrumb","itemListElement":[{"@type":"ListItem","position":1,"name":"In\u00edcio","item":"https:\/\/cqtd.adv.br\/en\/"},{"@type":"ListItem","position":2,"name":"Trabalhe conosco"}]},{"@type":"WebSite","@id":"https:\/\/cqtd.adv.br\/en\/#website","url":"https:\/\/cqtd.adv.br\/en\/","name":"CQTD Advogados","description":"","publisher":{"@id":"https:\/\/cqtd.adv.br\/en\/#organization"},"potentialAction":[{"@type":"SearchAction","target":{"@type":"EntryPoint","urlTemplate":"https:\/\/cqtd.adv.br\/en\/?s={search_term_string}"},"query-input":{"@type":"PropertyValueSpecification","valueRequired":true,"valueName":"search_term_string"}}],"inLanguage":"en-US"},{"@type":"Organization","@id":"https:\/\/cqtd.adv.br\/en\/#organization","name":"CQTD Advogados","url":"https:\/\/cqtd.adv.br\/en\/","logo":{"@type":"ImageObject","inLanguage":"en-US","@id":"https:\/\/cqtd.adv.br\/en\/#\/schema\/logo\/image\/","url":"https:\/\/cqtd.adv.br\/wp-content\/uploads\/2025\/11\/500-x-400-px-4.png","contentUrl":"https:\/\/cqtd.adv.br\/wp-content\/uploads\/2025\/11\/500-x-400-px-4.png","width":500,"height":400,"caption":"CQTD Advogados"},"image":{"@id":"https:\/\/cqtd.adv.br\/en\/#\/schema\/logo\/image\/"},"sameAs":["https:\/\/www.facebook.com\/profile.php?id=100093269561156","https:\/\/www.instagram.com\/cqtdadv\/","https:\/\/www.linkedin.com\/company\/cqt-advogados\/"]}]}},"_links":{"self":[{"href":"https:\/\/cqtd.adv.br\/en\/wp-json\/wp\/v2\/pages\/81","targetHints":{"allow":["GET"]}}],"collection":[{"href":"https:\/\/cqtd.adv.br\/en\/wp-json\/wp\/v2\/pages"}],"about":[{"href":"https:\/\/cqtd.adv.br\/en\/wp-json\/wp\/v2\/types\/page"}],"author":[{"embeddable":true,"href":"https:\/\/cqtd.adv.br\/en\/wp-json\/wp\/v2\/users\/1"}],"replies":[{"embeddable":true,"href":"https:\/\/cqtd.adv.br\/en\/wp-json\/wp\/v2\/comments?post=81"}],"version-history":[{"count":3,"href":"https:\/\/cqtd.adv.br\/en\/wp-json\/wp\/v2\/pages\/81\/revisions"}],"predecessor-version":[{"id":3809,"href":"https:\/\/cqtd.adv.br\/en\/wp-json\/wp\/v2\/pages\/81\/revisions\/3809"}],"wp:featuredmedia":[{"embeddable":true,"href":"https:\/\/cqtd.adv.br\/en\/wp-json\/wp\/v2\/media\/3628"}],"wp:attachment":[{"href":"https:\/\/cqtd.adv.br\/en\/wp-json\/wp\/v2\/media?parent=81"}],"curies":[{"name":"wp","href":"https:\/\/api.w.org\/{rel}","templated":true}]}}