{"id":79,"date":"2025-08-28T08:26:26","date_gmt":"2025-08-28T11:26:26","guid":{"rendered":"https:\/\/cqtd.letsite.com.br\/?page_id=79"},"modified":"2026-02-26T09:22:48","modified_gmt":"2026-02-26T12:22:48","slug":"equipe","status":"publish","type":"page","link":"https:\/\/cqtd.adv.br\/en\/equipe\/","title":{"rendered":"Team"},"content":{"rendered":"","protected":false},"excerpt":{"rendered":"<p>The partners of CQTD Advogados<\/p>\n","protected":false},"author":1,"featured_media":0,"parent":0,"menu_order":0,"comment_status":"closed","ping_status":"closed","template":"page-equipe.php","meta":{"_acf_changed":false,"footnotes":""},"class_list":["post-79","page","type-page","status-publish","hentry"],"acf":[],"yoast_head":"<!-- This site is optimized with the Yoast SEO plugin v27.4 - https:\/\/yoast.com\/product\/yoast-seo-wordpress\/ -->\n<title>Team - CQTD<\/title>\n<meta name=\"description\" content=\"Nosso time de especialistas est\u00e1 pronto e apto para auxiliar sua empresa e sua fam\u00edlia em d\u00favidas e consultoria jur\u00eddica especializada.\" \/>\n<meta name=\"robots\" content=\"index, follow, max-snippet:-1, max-image-preview:large, max-video-preview:-1\" \/>\n<link rel=\"canonical\" href=\"https:\/\/cqtd.adv.br\/en\/equipe\/\" \/>\n<meta property=\"og:locale\" content=\"en_US\" \/>\n<meta property=\"og:type\" content=\"article\" \/>\n<meta property=\"og:title\" content=\"Team - CQTD\" \/>\n<meta property=\"og:description\" content=\"Nosso time de especialistas est\u00e1 pronto e apto para auxiliar sua empresa e sua fam\u00edlia em d\u00favidas e consultoria jur\u00eddica especializada.\" \/>\n<meta property=\"og:url\" content=\"https:\/\/cqtd.adv.br\/en\/equipe\/\" \/>\n<meta property=\"og:site_name\" content=\"CQTD\" \/>\n<meta property=\"article:publisher\" content=\"https:\/\/www.facebook.com\/profile.php?id=100093269561156\" \/>\n<meta property=\"article:modified_time\" content=\"2026-02-26T12:22:48+00:00\" \/>\n<meta name=\"twitter:card\" content=\"summary_large_image\" \/>\n<script type=\"application\/ld+json\" class=\"yoast-schema-graph\">{\"@context\":\"https:\\\/\\\/schema.org\",\"@graph\":[{\"@type\":\"WebPage\",\"@id\":\"https:\\\/\\\/cqtd.adv.br\\\/en\\\/equipe\\\/\",\"url\":\"https:\\\/\\\/cqtd.adv.br\\\/en\\\/equipe\\\/\",\"name\":\"Team - CQTD\",\"isPartOf\":{\"@id\":\"https:\\\/\\\/cqtd.adv.br\\\/en\\\/#website\"},\"datePublished\":\"2025-08-28T11:26:26+00:00\",\"dateModified\":\"2026-02-26T12:22:48+00:00\",\"description\":\"Nosso time de especialistas est\u00e1 pronto e apto para auxiliar sua empresa e sua fam\u00edlia em d\u00favidas e consultoria jur\u00eddica especializada.\",\"breadcrumb\":{\"@id\":\"https:\\\/\\\/cqtd.adv.br\\\/en\\\/equipe\\\/#breadcrumb\"},\"inLanguage\":\"en-US\",\"potentialAction\":[{\"@type\":\"ReadAction\",\"target\":[[\"https:\\\/\\\/cqtd.adv.br\\\/en\\\/equipe\\\/\"]]}]},{\"@type\":\"BreadcrumbList\",\"@id\":\"https:\\\/\\\/cqtd.adv.br\\\/en\\\/equipe\\\/#breadcrumb\",\"itemListElement\":[{\"@type\":\"ListItem\",\"position\":1,\"name\":\"In\u00edcio\",\"item\":\"https:\\\/\\\/cqtd.adv.br\\\/en\\\/\"},{\"@type\":\"ListItem\",\"position\":2,\"name\":\"Equipe\"}]},{\"@type\":\"WebSite\",\"@id\":\"https:\\\/\\\/cqtd.adv.br\\\/en\\\/#website\",\"url\":\"https:\\\/\\\/cqtd.adv.br\\\/en\\\/\",\"name\":\"CQTD Advogados\",\"description\":\"\",\"publisher\":{\"@id\":\"https:\\\/\\\/cqtd.adv.br\\\/en\\\/#organization\"},\"potentialAction\":[{\"@type\":\"SearchAction\",\"target\":{\"@type\":\"EntryPoint\",\"urlTemplate\":\"https:\\\/\\\/cqtd.adv.br\\\/en\\\/?s={search_term_string}\"},\"query-input\":{\"@type\":\"PropertyValueSpecification\",\"valueRequired\":true,\"valueName\":\"search_term_string\"}}],\"inLanguage\":\"en-US\"},{\"@type\":\"Organization\",\"@id\":\"https:\\\/\\\/cqtd.adv.br\\\/en\\\/#organization\",\"name\":\"CQTD Advogados\",\"url\":\"https:\\\/\\\/cqtd.adv.br\\\/en\\\/\",\"logo\":{\"@type\":\"ImageObject\",\"inLanguage\":\"en-US\",\"@id\":\"https:\\\/\\\/cqtd.adv.br\\\/en\\\/#\\\/schema\\\/logo\\\/image\\\/\",\"url\":\"https:\\\/\\\/cqtd.adv.br\\\/wp-content\\\/uploads\\\/2025\\\/11\\\/500-x-400-px-4.png\",\"contentUrl\":\"https:\\\/\\\/cqtd.adv.br\\\/wp-content\\\/uploads\\\/2025\\\/11\\\/500-x-400-px-4.png\",\"width\":500,\"height\":400,\"caption\":\"CQTD Advogados\"},\"image\":{\"@id\":\"https:\\\/\\\/cqtd.adv.br\\\/en\\\/#\\\/schema\\\/logo\\\/image\\\/\"},\"sameAs\":[\"https:\\\/\\\/www.facebook.com\\\/profile.php?id=100093269561156\",\"https:\\\/\\\/www.instagram.com\\\/cqtdadv\\\/\",\"https:\\\/\\\/www.linkedin.com\\\/company\\\/cqt-advogados\\\/\"]}]}<\/script>\n<!-- \/ Yoast SEO plugin. -->","yoast_head_json":{"title":"Team - CQTD","description":"Nosso time de especialistas est\u00e1 pronto e apto para auxiliar sua empresa e sua fam\u00edlia em d\u00favidas e consultoria jur\u00eddica especializada.","robots":{"index":"index","follow":"follow","max-snippet":"max-snippet:-1","max-image-preview":"max-image-preview:large","max-video-preview":"max-video-preview:-1"},"canonical":"https:\/\/cqtd.adv.br\/en\/equipe\/","og_locale":"en_US","og_type":"article","og_title":"Team - CQTD","og_description":"Nosso time de especialistas est\u00e1 pronto e apto para auxiliar sua empresa e sua fam\u00edlia em d\u00favidas e consultoria jur\u00eddica especializada.","og_url":"https:\/\/cqtd.adv.br\/en\/equipe\/","og_site_name":"CQTD","article_publisher":"https:\/\/www.facebook.com\/profile.php?id=100093269561156","article_modified_time":"2026-02-26T12:22:48+00:00","twitter_card":"summary_large_image","schema":{"@context":"https:\/\/schema.org","@graph":[{"@type":"WebPage","@id":"https:\/\/cqtd.adv.br\/en\/equipe\/","url":"https:\/\/cqtd.adv.br\/en\/equipe\/","name":"Team - CQTD","isPartOf":{"@id":"https:\/\/cqtd.adv.br\/en\/#website"},"datePublished":"2025-08-28T11:26:26+00:00","dateModified":"2026-02-26T12:22:48+00:00","description":"Nosso time de especialistas est\u00e1 pronto e apto para auxiliar sua empresa e sua fam\u00edlia em d\u00favidas e consultoria jur\u00eddica especializada.","breadcrumb":{"@id":"https:\/\/cqtd.adv.br\/en\/equipe\/#breadcrumb"},"inLanguage":"en-US","potentialAction":[{"@type":"ReadAction","target":[["https:\/\/cqtd.adv.br\/en\/equipe\/"]]}]},{"@type":"BreadcrumbList","@id":"https:\/\/cqtd.adv.br\/en\/equipe\/#breadcrumb","itemListElement":[{"@type":"ListItem","position":1,"name":"In\u00edcio","item":"https:\/\/cqtd.adv.br\/en\/"},{"@type":"ListItem","position":2,"name":"Equipe"}]},{"@type":"WebSite","@id":"https:\/\/cqtd.adv.br\/en\/#website","url":"https:\/\/cqtd.adv.br\/en\/","name":"CQTD Advogados","description":"","publisher":{"@id":"https:\/\/cqtd.adv.br\/en\/#organization"},"potentialAction":[{"@type":"SearchAction","target":{"@type":"EntryPoint","urlTemplate":"https:\/\/cqtd.adv.br\/en\/?s={search_term_string}"},"query-input":{"@type":"PropertyValueSpecification","valueRequired":true,"valueName":"search_term_string"}}],"inLanguage":"en-US"},{"@type":"Organization","@id":"https:\/\/cqtd.adv.br\/en\/#organization","name":"CQTD Advogados","url":"https:\/\/cqtd.adv.br\/en\/","logo":{"@type":"ImageObject","inLanguage":"en-US","@id":"https:\/\/cqtd.adv.br\/en\/#\/schema\/logo\/image\/","url":"https:\/\/cqtd.adv.br\/wp-content\/uploads\/2025\/11\/500-x-400-px-4.png","contentUrl":"https:\/\/cqtd.adv.br\/wp-content\/uploads\/2025\/11\/500-x-400-px-4.png","width":500,"height":400,"caption":"CQTD Advogados"},"image":{"@id":"https:\/\/cqtd.adv.br\/en\/#\/schema\/logo\/image\/"},"sameAs":["https:\/\/www.facebook.com\/profile.php?id=100093269561156","https:\/\/www.instagram.com\/cqtdadv\/","https:\/\/www.linkedin.com\/company\/cqt-advogados\/"]}]}},"_links":{"self":[{"href":"https:\/\/cqtd.adv.br\/en\/wp-json\/wp\/v2\/pages\/79","targetHints":{"allow":["GET"]}}],"collection":[{"href":"https:\/\/cqtd.adv.br\/en\/wp-json\/wp\/v2\/pages"}],"about":[{"href":"https:\/\/cqtd.adv.br\/en\/wp-json\/wp\/v2\/types\/page"}],"author":[{"embeddable":true,"href":"https:\/\/cqtd.adv.br\/en\/wp-json\/wp\/v2\/users\/1"}],"replies":[{"embeddable":true,"href":"https:\/\/cqtd.adv.br\/en\/wp-json\/wp\/v2\/comments?post=79"}],"version-history":[{"count":6,"href":"https:\/\/cqtd.adv.br\/en\/wp-json\/wp\/v2\/pages\/79\/revisions"}],"predecessor-version":[{"id":3844,"href":"https:\/\/cqtd.adv.br\/en\/wp-json\/wp\/v2\/pages\/79\/revisions\/3844"}],"wp:attachment":[{"href":"https:\/\/cqtd.adv.br\/en\/wp-json\/wp\/v2\/media?parent=79"}],"curies":[{"name":"wp","href":"https:\/\/api.w.org\/{rel}","templated":true}]}}